{"id":19,"date":"2025-05-03T14:14:47","date_gmt":"2025-05-03T14:14:47","guid":{"rendered":"http:\/\/pinkmobilegsm.ro\/?page_id=19"},"modified":"2025-05-10T15:22:11","modified_gmt":"2025-05-10T12:22:11","slug":"about","status":"publish","type":"page","link":"https:\/\/pinkmobilegsm.ro\/ro\/about\/","title":{"rendered":"Despre"},"content":{"rendered":"<div class=\"wp-block-cover alignfull\" style=\"min-height:320px;aspect-ratio:unset;\"><span aria-hidden=\"true\" class=\"wp-block-cover__background has-nv-site-bg-background-color has-background-dim-100 has-background-dim\"><\/span><div class=\"wp-block-cover__inner-container is-layout-flow wp-block-cover-is-layout-flow\">\n<div class=\"wp-block-group\" style=\"padding-right:var(--wp--preset--spacing--30);padding-left:var(--wp--preset--spacing--30)\"><div class=\"wp-block-group__inner-container is-layout-flow wp-block-group-is-layout-flow\">\n<h1 class=\"wp-block-heading has-text-align-left has-neve-text-color-color has-text-color\">Despre noi<\/h1>\n<\/div><\/div>\n<\/div><\/div>\n\n\n\n<div class=\"wp-block-cover alignfull is-light\" style=\"min-height:600px;aspect-ratio:unset;\"><span aria-hidden=\"true\" class=\"wp-block-cover__background has-background-dim\" style=\"background-color:#e923a3\"><\/span><div class=\"wp-block-cover__inner-container is-layout-flow wp-block-cover-is-layout-flow\">\n<div class=\"wp-block-group\"><div class=\"wp-block-group__inner-container is-layout-flow wp-block-group-is-layout-flow\">\n<h2 class=\"wp-block-heading has-text-align-center has-neve-text-color-color has-text-color\"><\/h2>\n\n\n\n<h2 class=\"wp-block-heading has-text-align-center has-nv-site-bg-color has-text-color\"><\/h2>\n\n\n\n<div class=\"wp-block-columns are-vertically-aligned-center has-neve-text-color-color has-text-color is-layout-flex wp-container-core-columns-is-layout-9d6595d7 wp-block-columns-is-layout-flex\">\n<div class=\"wp-block-column is-vertically-aligned-center is-layout-flow wp-block-column-is-layout-flow\" style=\"padding-right:var(--wp--preset--spacing--30);padding-left:var(--wp--preset--spacing--30);flex-basis:50%\">\n<figure class=\"wp-block-image size-full has-custom-border\"><img loading=\"lazy\" decoding=\"async\" width=\"1024\" height=\"1024\" src=\"http:\/\/pinkmobilegsm.ro\/wp-content\/uploads\/2025\/05\/x11q3zdw.jpg\" alt=\"\" class=\"wp-image-542\" style=\"border-radius:16px\" srcset=\"https:\/\/pinkmobilegsm.ro\/wp-content\/uploads\/2025\/05\/x11q3zdw.jpg 1024w, https:\/\/pinkmobilegsm.ro\/wp-content\/uploads\/2025\/05\/x11q3zdw-300x300.jpg 300w, https:\/\/pinkmobilegsm.ro\/wp-content\/uploads\/2025\/05\/x11q3zdw-150x150.jpg 150w, https:\/\/pinkmobilegsm.ro\/wp-content\/uploads\/2025\/05\/x11q3zdw-768x768.jpg 768w\" sizes=\"auto, (max-width: 1024px) 100vw, 1024px\" \/><\/figure>\n<\/div>\n\n\n\n<div class=\"wp-block-column is-vertically-aligned-center is-layout-flow wp-block-column-is-layout-flow\" style=\"padding-top:0;padding-right:var(--wp--preset--spacing--30);padding-bottom:0;padding-left:var(--wp--preset--spacing--30);flex-basis:50%\">\n<p class=\"has-nv-site-bg-color has-text-color has-link-color wp-elements-e217f9ba821b83bf77b3cd9d4a8a7947\"><strong>Unde tehnologia \u00eent\u00e2lne\u0219te \u00eencrederea, iar serviciile vin cu o not\u0103 personalizat\u0103.<\/strong><\/p>\n\n\n\n<p class=\"has-nv-site-bg-color has-text-color has-link-color wp-elements-06df1f5da181d1b0c8bbd89a4542f508\">Fondat\u0103 \u00een inima ora\u0219ului Bistri\u021ba, Rom\u00e2nia, Pinkmobile a \u00eenceput cu o misiune simpl\u0103: s\u0103 fac\u0103 tehnologia mobil\u0103 mai accesibil\u0103 \u0219i mai fiabil\u0103 pentru toat\u0103 lumea. Ceea ce a \u00eenceput ca o mic\u0103 afacere local\u0103 s-a transformat rapid \u00eentr-un nume de \u00eencredere, cunoscut pentru dispozitive mobile de calitate, repara\u021bii profesionale \u0219i asisten\u021b\u0103 personalizat\u0103 pentru clien\u021bi.<\/p>\n\n\n\n<p class=\"has-nv-site-bg-color has-text-color has-link-color wp-elements-56028497c2d69d0e231675ece02fb964\">La Pinkmobile, credem c\u0103 telefoanele mobile sunt mai mult dec\u00e2t simple unelte - sunt p\u0103r\u021bi esen\u021biale ale vie\u021bii de zi cu zi. De aceea, oferim o gam\u0103 atent selectat\u0103 de smartphone-uri, accesorii \u0219i servicii de repara\u021bii de \u00eenalt\u0103 calitate, toate sus\u021binute de experien\u021b\u0103 profesional\u0103 \u0219i grij\u0103 autentic\u0103 pentru clien\u021bii no\u0219tri.<\/p>\n\n\n\n<p class=\"has-nv-site-bg-color has-text-color has-link-color wp-elements-4aa5e4784253ddc85d3add443867cb3d\">Am ajutat mii de clien\u021bi s\u0103 r\u0103m\u00e2n\u0103 conecta\u021bi, s\u0103 \u00ee\u0219i modernizeze tehnologia sau s\u0103-\u0219i insufle o nou\u0103 via\u021b\u0103 dispozitivelor. Indiferent dac\u0103 sunte\u021bi \u00een c\u0103utarea unui telefon nou, ave\u021bi nevoie de o repara\u021bie rapid\u0103 sau dori\u021bi doar sfaturi sincere, echipa noastr\u0103 este aici pentru a v\u0103 ajuta - cu pasiune, precizie \u0219i integritate.<\/p>\n\n\n\n<p class=\"has-nv-site-bg-color has-text-color has-link-color wp-elements-6ee22bb508ca14d6c831ad0b772001fb\">Pe m\u0103sur\u0103 ce continu\u0103m s\u0103 cre\u0219tem, angajamentul nostru r\u0103m\u00e2ne acela\u0219i: s\u0103 servim comunitatea noastr\u0103 cu cea mai bun\u0103 tehnologie mobil\u0103 \u0219i asisten\u021b\u0103, chiar aici, de acas\u0103, din Bistri\u021ba.<\/p>\n<\/div>\n<\/div>\n\n\n\n<div style=\"height:40px\" aria-hidden=\"true\" class=\"wp-block-spacer\"><\/div>\n<\/div><\/div>\n<\/div><\/div>\n\n\n\n<div class=\"wp-block-cover alignfull is-light\" style=\"min-height:600px;aspect-ratio:unset;\"><span aria-hidden=\"true\" class=\"wp-block-cover__background has-background-dim\" style=\"background-color:#e923a3\"><\/span><div class=\"wp-block-cover__inner-container is-layout-flow wp-block-cover-is-layout-flow\">\n<div class=\"wp-block-group\"><div class=\"wp-block-group__inner-container is-layout-flow wp-block-group-is-layout-flow\">\n<h2 class=\"wp-block-heading has-text-align-center has-nv-text-dark-bg-color has-text-color\">Suntem condu\u0219i de valori<\/h2>\n\n\n\n<div class=\"wp-block-columns are-vertically-aligned-center is-layout-flex wp-container-core-columns-is-layout-9d6595d7 wp-block-columns-is-layout-flex\">\n<div class=\"wp-block-column is-vertically-aligned-center is-layout-flow wp-block-column-is-layout-flow\" style=\"padding-right:var(--wp--preset--spacing--30);padding-left:var(--wp--preset--spacing--30);flex-basis:50%\">\n<p class=\"has-nv-text-dark-bg-color has-text-color has-medium-font-size\">\u00cen 2025, am ob\u021binut cu m\u00e2ndrie <strong>Certificare Tehnician GSM Nivel 2<\/strong> de la <strong>AGR Romania<\/strong>, recunosc\u00e2nd expertiza noastr\u0103 avansat\u0103 \u00een diagnosticarea dispozitivelor mobile, repara\u021biile la nivel de plac\u0103 de baz\u0103 \u0219i tehnologiile GSM. Aceast\u0103 certificare confirm\u0103 angajamentul nostru de a oferi servicii de repara\u021bii profesionale, de \u00eenalt\u0103 calitate, aliniate la standardele industriei.<\/p>\n\n\n\n<div style=\"height:20px\" aria-hidden=\"true\" class=\"wp-block-spacer\"><\/div>\n\n\n\n<div style=\"height:20px\" aria-hidden=\"true\" class=\"wp-block-spacer\"><\/div>\n<\/div>\n\n\n\n<div class=\"wp-block-column is-vertically-aligned-center is-layout-flow wp-block-column-is-layout-flow\" style=\"padding-right:var(--wp--preset--spacing--30);padding-left:var(--wp--preset--spacing--30);flex-basis:50%\">\n<figure class=\"wp-block-image size-full has-custom-border is-style-rounded\"><img loading=\"lazy\" decoding=\"async\" width=\"1241\" height=\"871\" src=\"http:\/\/pinkmobilegsm.ro\/wp-content\/uploads\/2025\/05\/AGR-certificat-ionel-.png\" alt=\"\" class=\"wp-image-470\" style=\"border-radius:0px\" srcset=\"https:\/\/pinkmobilegsm.ro\/wp-content\/uploads\/2025\/05\/AGR-certificat-ionel-.png 1241w, https:\/\/pinkmobilegsm.ro\/wp-content\/uploads\/2025\/05\/AGR-certificat-ionel--300x211.png 300w, https:\/\/pinkmobilegsm.ro\/wp-content\/uploads\/2025\/05\/AGR-certificat-ionel--1024x719.png 1024w, https:\/\/pinkmobilegsm.ro\/wp-content\/uploads\/2025\/05\/AGR-certificat-ionel--768x539.png 768w\" sizes=\"auto, (max-width: 1241px) 100vw, 1241px\" \/><\/figure>\n<\/div>\n<\/div>\n\n\n\n<div style=\"height:40px\" aria-hidden=\"true\" class=\"wp-block-spacer\"><\/div>\n<\/div><\/div>\n<\/div><\/div>\n\n\n\n<div class=\"wp-block-cover alignfull\" style=\"min-height:600px;aspect-ratio:unset;\"><span aria-hidden=\"true\" class=\"wp-block-cover__background has-nv-light-bg-background-color has-background-dim-70 has-background-dim\"><\/span><div class=\"wp-block-cover__inner-container is-layout-flow wp-block-cover-is-layout-flow\">\n<div class=\"wp-block-group\"><div class=\"wp-block-group__inner-container is-layout-flow wp-block-group-is-layout-flow\">\n<div style=\"height:80px\" aria-hidden=\"true\" class=\"wp-block-spacer\"><\/div>\n\n\n\n<div class=\"wp-block-columns is-layout-flex wp-container-core-columns-is-layout-9d6595d7 wp-block-columns-is-layout-flex\">\n<div class=\"wp-block-column is-layout-flow wp-block-column-is-layout-flow\" style=\"flex-basis:20%\">\n<div class=\"wp-block-group is-vertical is-content-justification-center is-layout-flex wp-container-core-group-is-layout-4b2eccd6 wp-block-group-is-layout-flex\"><\/div>\n<\/div>\n\n\n\n<div class=\"wp-block-column is-layout-flow wp-block-column-is-layout-flow\" style=\"flex-basis:60%\">\n<div class=\"wp-block-group is-vertical is-content-justification-center is-layout-flex wp-container-core-group-is-layout-4b2eccd6 wp-block-group-is-layout-flex\">\n<h2 class=\"wp-block-heading has-text-align-center has-neve-text-color-color has-text-color has-link-color wp-elements-8e56bc67f343680ecdd32458e379ab92\">Echipa<\/h2>\n\n\n\n<p class=\"has-text-align-center has-neve-text-color-color has-text-color has-link-color wp-elements-fe9c022638106e1ef58a6f3099ae3cda\"><br>Echipa noastr\u0103 dedicat\u0103 de speciali\u0219ti GSM reune\u0219te ani de experien\u021b\u0103 \u00een tehnologia mobil\u0103, oferind accesorii de \u00eenalt\u0103 calitate \u0219i servicii GSM fiabile. <\/p>\n\n\n\n<p class=\"has-text-align-center has-neve-text-color-color has-text-color has-link-color wp-elements-6d2efa64635005f0656c3ea3b458170f\">De la \u00eenc\u0103rc\u0103toare, huse \u0219i cabluri p\u00e2n\u0103 la diagnosticare avansat\u0103, repara\u021bii \u0219i deblocare, ne asigur\u0103m c\u0103 dispozitivele tale mobile func\u021bioneaz\u0103 la capacitate maxim\u0103. <\/p>\n\n\n\n<p class=\"has-text-align-center has-neve-text-color-color has-text-color has-link-color wp-elements-0c48c8cbcb383e7ed106c493bed20ea6\">Pasiona\u021bi de inova\u021bie \u0219i satisfac\u021bia clien\u021bilor, suntem aici pentru a v\u0103 \u021bine conecta\u021bi - oric\u00e2nd, oriunde.<\/p>\n\n\n\n<div style=\"height:0px\" aria-hidden=\"true\" class=\"wp-block-spacer wp-container-content-f9bd05ee\"><\/div>\n<\/div>\n<\/div>\n\n\n\n<div class=\"wp-block-column is-layout-flow wp-block-column-is-layout-flow\" style=\"flex-basis:20%\">\n<div class=\"wp-block-group is-vertical is-content-justification-center is-layout-flex wp-container-core-group-is-layout-4b2eccd6 wp-block-group-is-layout-flex\"><\/div>\n<\/div>\n<\/div>\n\n\n\n<div class=\"wp-block-columns is-layout-flex wp-container-core-columns-is-layout-9d6595d7 wp-block-columns-is-layout-flex\">\n<div class=\"wp-block-column is-layout-flow wp-block-column-is-layout-flow\" style=\"padding-right:var(--wp--preset--spacing--30);padding-left:var(--wp--preset--spacing--30)\">\n<p class=\"has-text-align-center has-neve-text-color-color has-text-color has-large-font-size\">-= Service =-<\/p>\n\n\n<div class=\"wp-block-image is-style-default\">\n<figure class=\"aligncenter size-full is-resized has-custom-border\"><img loading=\"lazy\" decoding=\"async\" width=\"514\" height=\"772\" src=\"https:\/\/pinkmobilegsm.ro\/wp-content\/uploads\/2025\/05\/Ionel2.png\" alt=\"\" class=\"wp-image-450\" style=\"border-style:none;border-width:0px;border-radius:100px;width:366px;height:auto\" srcset=\"https:\/\/pinkmobilegsm.ro\/wp-content\/uploads\/2025\/05\/Ionel2.png 514w, https:\/\/pinkmobilegsm.ro\/wp-content\/uploads\/2025\/05\/Ionel2-200x300.png 200w\" sizes=\"auto, (max-width: 514px) 100vw, 514px\" \/><\/figure>\n<\/div>\n\n\n<div style=\"height:24px\" aria-hidden=\"true\" class=\"wp-block-spacer\"><\/div>\n\n\n\n<h3 class=\"wp-block-heading has-text-align-center has-neve-text-color-color has-text-color\">Ionel<\/h3>\n\n\n\n<div style=\"height:40px\" aria-hidden=\"true\" class=\"wp-block-spacer\"><\/div>\n<\/div>\n\n\n\n<div class=\"wp-block-column is-layout-flow wp-block-column-is-layout-flow\" style=\"padding-right:var(--wp--preset--spacing--30);padding-left:var(--wp--preset--spacing--30)\">\n<p class=\"has-text-align-center has-neve-text-color-color has-text-color has-large-font-size\">-= Marketing =-<\/p>\n\n\n<div class=\"wp-block-image is-style-rounded\">\n<figure class=\"aligncenter size-full is-resized has-custom-border\"><img loading=\"lazy\" decoding=\"async\" width=\"465\" height=\"676\" src=\"https:\/\/pinkmobilegsm.ro\/wp-content\/uploads\/2025\/05\/Bainca2.png\" alt=\"\" class=\"wp-image-449\" style=\"border-style:none;border-width:0px;border-radius:100px;width:392px;height:auto\" srcset=\"https:\/\/pinkmobilegsm.ro\/wp-content\/uploads\/2025\/05\/Bainca2.png 465w, https:\/\/pinkmobilegsm.ro\/wp-content\/uploads\/2025\/05\/Bainca2-206x300.png 206w\" sizes=\"auto, (max-width: 465px) 100vw, 465px\" \/><\/figure>\n<\/div>\n\n\n<div style=\"height:24px\" aria-hidden=\"true\" class=\"wp-block-spacer\"><\/div>\n\n\n\n<h3 class=\"wp-block-heading has-text-align-center has-neve-text-color-color has-text-color\">Bianca<\/h3>\n\n\n\n<div style=\"height:40px\" aria-hidden=\"true\" class=\"wp-block-spacer\"><\/div>\n<\/div>\n<\/div>\n<\/div><\/div>\n<\/div><\/div>\n\n\n\n<h2 class=\"wp-block-heading has-text-align-center\"><\/h2>\n\n\n\n<div class=\"wp-block-cover alignfull is-light\" style=\"min-height:545px;aspect-ratio:unset;\"><span aria-hidden=\"true\" class=\"wp-block-cover__background has-background-dim\" style=\"background-color:#e923a3\"><\/span><div class=\"wp-block-cover__inner-container is-layout-flow wp-block-cover-is-layout-flow\"><div class=\"wp-block-image is-style-default\">\n<figure class=\"aligncenter size-full is-resized\"><img loading=\"lazy\" decoding=\"async\" width=\"612\" height=\"408\" src=\"https:\/\/pinkmobilegsm.ro\/wp-content\/uploads\/2025\/05\/stay_connected_ok-removebg-preview.png\" alt=\"\" class=\"wp-image-603\" style=\"width:768px;height:auto\" srcset=\"https:\/\/pinkmobilegsm.ro\/wp-content\/uploads\/2025\/05\/stay_connected_ok-removebg-preview.png 612w, https:\/\/pinkmobilegsm.ro\/wp-content\/uploads\/2025\/05\/stay_connected_ok-removebg-preview-300x200.png 300w, https:\/\/pinkmobilegsm.ro\/wp-content\/uploads\/2025\/05\/stay_connected_ok-removebg-preview-18x12.png 18w\" sizes=\"auto, (max-width: 612px) 100vw, 612px\" \/><\/figure>\n<\/div><\/div><\/div>","protected":false},"excerpt":{"rendered":"","protected":false},"author":1,"featured_media":0,"parent":0,"menu_order":0,"comment_status":"closed","ping_status":"closed","template":"","meta":{"neve_meta_sidebar":"","neve_meta_container":"","neve_meta_enable_content_width":"on","neve_meta_content_width":100,"neve_meta_title_alignment":"","neve_meta_author_avatar":"","neve_post_elements_order":"","neve_meta_disable_header":"","neve_meta_disable_footer":"","neve_meta_disable_title":"on","footnotes":""},"class_list":["post-19","page","type-page","status-publish","hentry"],"yoast_head":"<!-- This site is optimized with the Yoast SEO plugin v27.0 - https:\/\/yoast.com\/product\/yoast-seo-wordpress\/ -->\n<title>About - PinkMobileGSM<\/title>\n<meta name=\"robots\" content=\"index, follow, max-snippet:-1, max-image-preview:large, max-video-preview:-1\" \/>\n<link rel=\"canonical\" href=\"https:\/\/pinkmobilegsm.ro\/ro\/about\/\" \/>\n<meta property=\"og:locale\" content=\"ro_RO\" \/>\n<meta property=\"og:type\" content=\"article\" \/>\n<meta property=\"og:title\" content=\"About - PinkMobileGSM\" \/>\n<meta property=\"og:url\" content=\"https:\/\/pinkmobilegsm.ro\/ro\/about\/\" \/>\n<meta property=\"og:site_name\" content=\"PinkMobileGSM\" \/>\n<meta property=\"article:modified_time\" content=\"2025-05-10T12:22:11+00:00\" \/>\n<meta property=\"og:image\" content=\"http:\/\/pinkmobilegsm.ro\/wp-content\/uploads\/2025\/05\/x11q3zdw.jpg\" \/>\n<meta name=\"twitter:card\" content=\"summary_large_image\" \/>\n<meta name=\"twitter:label1\" content=\"Timp estimat pentru citire\" \/>\n\t<meta name=\"twitter:data1\" content=\"3 minute\" \/>\n<script type=\"application\/ld+json\" class=\"yoast-schema-graph\">{\"@context\":\"https:\/\/schema.org\",\"@graph\":[{\"@type\":\"WebPage\",\"@id\":\"https:\/\/pinkmobilegsm.ro\/ro\/about\/\",\"url\":\"https:\/\/pinkmobilegsm.ro\/ro\/about\/\",\"name\":\"About - PinkMobileGSM\",\"isPartOf\":{\"@id\":\"https:\/\/pinkmobilegsm.ro\/ro\/#website\"},\"primaryImageOfPage\":{\"@id\":\"https:\/\/pinkmobilegsm.ro\/ro\/about\/#primaryimage\"},\"image\":{\"@id\":\"https:\/\/pinkmobilegsm.ro\/ro\/about\/#primaryimage\"},\"thumbnailUrl\":\"http:\/\/pinkmobilegsm.ro\/wp-content\/uploads\/2025\/05\/x11q3zdw.jpg\",\"datePublished\":\"2025-05-03T14:14:47+00:00\",\"dateModified\":\"2025-05-10T12:22:11+00:00\",\"breadcrumb\":{\"@id\":\"https:\/\/pinkmobilegsm.ro\/ro\/about\/#breadcrumb\"},\"inLanguage\":\"ro-RO\",\"potentialAction\":[{\"@type\":\"ReadAction\",\"target\":[\"https:\/\/pinkmobilegsm.ro\/ro\/about\/\"]}]},{\"@type\":\"ImageObject\",\"inLanguage\":\"ro-RO\",\"@id\":\"https:\/\/pinkmobilegsm.ro\/ro\/about\/#primaryimage\",\"url\":\"http:\/\/pinkmobilegsm.ro\/wp-content\/uploads\/2025\/05\/x11q3zdw.jpg\",\"contentUrl\":\"http:\/\/pinkmobilegsm.ro\/wp-content\/uploads\/2025\/05\/x11q3zdw.jpg\"},{\"@type\":\"BreadcrumbList\",\"@id\":\"https:\/\/pinkmobilegsm.ro\/ro\/about\/#breadcrumb\",\"itemListElement\":[{\"@type\":\"ListItem\",\"position\":1,\"name\":\"Home\",\"item\":\"https:\/\/pinkmobilegsm.ro\/ro\/\"},{\"@type\":\"ListItem\",\"position\":2,\"name\":\"About\"}]},{\"@type\":\"WebSite\",\"@id\":\"https:\/\/pinkmobilegsm.ro\/ro\/#website\",\"url\":\"https:\/\/pinkmobilegsm.ro\/ro\/\",\"name\":\"PinkMobileGSM\",\"description\":\"Experien\u021b\u0103 \u0219i tehnologie pentru telefonul t\u0103u !\",\"potentialAction\":[{\"@type\":\"SearchAction\",\"target\":{\"@type\":\"EntryPoint\",\"urlTemplate\":\"https:\/\/pinkmobilegsm.ro\/ro\/?s={search_term_string}\"},\"query-input\":{\"@type\":\"PropertyValueSpecification\",\"valueRequired\":true,\"valueName\":\"search_term_string\"}}],\"inLanguage\":\"ro-RO\"}]}<\/script>\n<!-- \/ Yoast SEO plugin. -->","yoast_head_json":{"title":"About - PinkMobileGSM","robots":{"index":"index","follow":"follow","max-snippet":"max-snippet:-1","max-image-preview":"max-image-preview:large","max-video-preview":"max-video-preview:-1"},"canonical":"https:\/\/pinkmobilegsm.ro\/ro\/about\/","og_locale":"ro_RO","og_type":"article","og_title":"About - PinkMobileGSM","og_url":"https:\/\/pinkmobilegsm.ro\/ro\/about\/","og_site_name":"PinkMobileGSM","article_modified_time":"2025-05-10T12:22:11+00:00","og_image":[{"url":"http:\/\/pinkmobilegsm.ro\/wp-content\/uploads\/2025\/05\/x11q3zdw.jpg","type":"","width":"","height":""}],"twitter_card":"summary_large_image","twitter_misc":{"Timp estimat pentru citire":"3 minute"},"schema":{"@context":"https:\/\/schema.org","@graph":[{"@type":"WebPage","@id":"https:\/\/pinkmobilegsm.ro\/ro\/about\/","url":"https:\/\/pinkmobilegsm.ro\/ro\/about\/","name":"About - PinkMobileGSM","isPartOf":{"@id":"https:\/\/pinkmobilegsm.ro\/ro\/#website"},"primaryImageOfPage":{"@id":"https:\/\/pinkmobilegsm.ro\/ro\/about\/#primaryimage"},"image":{"@id":"https:\/\/pinkmobilegsm.ro\/ro\/about\/#primaryimage"},"thumbnailUrl":"http:\/\/pinkmobilegsm.ro\/wp-content\/uploads\/2025\/05\/x11q3zdw.jpg","datePublished":"2025-05-03T14:14:47+00:00","dateModified":"2025-05-10T12:22:11+00:00","breadcrumb":{"@id":"https:\/\/pinkmobilegsm.ro\/ro\/about\/#breadcrumb"},"inLanguage":"ro-RO","potentialAction":[{"@type":"ReadAction","target":["https:\/\/pinkmobilegsm.ro\/ro\/about\/"]}]},{"@type":"ImageObject","inLanguage":"ro-RO","@id":"https:\/\/pinkmobilegsm.ro\/ro\/about\/#primaryimage","url":"http:\/\/pinkmobilegsm.ro\/wp-content\/uploads\/2025\/05\/x11q3zdw.jpg","contentUrl":"http:\/\/pinkmobilegsm.ro\/wp-content\/uploads\/2025\/05\/x11q3zdw.jpg"},{"@type":"BreadcrumbList","@id":"https:\/\/pinkmobilegsm.ro\/ro\/about\/#breadcrumb","itemListElement":[{"@type":"ListItem","position":1,"name":"Home","item":"https:\/\/pinkmobilegsm.ro\/ro\/"},{"@type":"ListItem","position":2,"name":"About"}]},{"@type":"WebSite","@id":"https:\/\/pinkmobilegsm.ro\/ro\/#website","url":"https:\/\/pinkmobilegsm.ro\/ro\/","name":"PinkMobileGSM","description":"Experien\u021b\u0103 \u0219i tehnologie pentru telefonul t\u0103u !","potentialAction":[{"@type":"SearchAction","target":{"@type":"EntryPoint","urlTemplate":"https:\/\/pinkmobilegsm.ro\/ro\/?s={search_term_string}"},"query-input":{"@type":"PropertyValueSpecification","valueRequired":true,"valueName":"search_term_string"}}],"inLanguage":"ro-RO"}]}},"_links":{"self":[{"href":"https:\/\/pinkmobilegsm.ro\/ro\/wp-json\/wp\/v2\/pages\/19","targetHints":{"allow":["GET"]}}],"collection":[{"href":"https:\/\/pinkmobilegsm.ro\/ro\/wp-json\/wp\/v2\/pages"}],"about":[{"href":"https:\/\/pinkmobilegsm.ro\/ro\/wp-json\/wp\/v2\/types\/page"}],"author":[{"embeddable":true,"href":"https:\/\/pinkmobilegsm.ro\/ro\/wp-json\/wp\/v2\/users\/1"}],"replies":[{"embeddable":true,"href":"https:\/\/pinkmobilegsm.ro\/ro\/wp-json\/wp\/v2\/comments?post=19"}],"version-history":[{"count":36,"href":"https:\/\/pinkmobilegsm.ro\/ro\/wp-json\/wp\/v2\/pages\/19\/revisions"}],"predecessor-version":[{"id":607,"href":"https:\/\/pinkmobilegsm.ro\/ro\/wp-json\/wp\/v2\/pages\/19\/revisions\/607"}],"wp:attachment":[{"href":"https:\/\/pinkmobilegsm.ro\/ro\/wp-json\/wp\/v2\/media?parent=19"}],"curies":[{"name":"wp","href":"https:\/\/api.w.org\/{rel}","templated":true}]}}